{"id":382,"date":"2022-04-27T16:07:17","date_gmt":"2022-04-27T16:07:17","guid":{"rendered":"https:\/\/truvisory.com.mx\/?page_id=382"},"modified":"2022-04-27T20:54:09","modified_gmt":"2022-04-27T20:54:09","slug":"inicio","status":"publish","type":"page","link":"https:\/\/truvisory.com.mx\/","title":{"rendered":""},"content":{"rendered":"\n<div class=\"wp-block-cover aligncenter is-light has-parallax\" style=\"background-image:url(https:\/\/truvisory.com.mx\/wp-content\/uploads\/2022\/04\/shutterstock_1831101904-3-scaled.jpg);min-height:249px;aspect-ratio:unset;\"><span aria-hidden=\"true\" class=\"wp-block-cover__gradient-background has-background-dim\"><\/span><div class=\"wp-block-cover__inner-container is-layout-flow wp-block-cover-is-layout-flow\">\n<div class=\"wp-block-columns is-layout-flex wp-container-core-columns-is-layout-9d6595d7 wp-block-columns-is-layout-flex\">\n<div class=\"wp-block-column is-layout-flow wp-block-column-is-layout-flow\" style=\"flex-basis:100%\">\n<div class=\"wp-block-image is-style-default\"><figure class=\"aligncenter size-large is-resized\"><img loading=\"lazy\" decoding=\"async\" src=\"https:\/\/truvisory.com.mx\/wp-content\/uploads\/2022\/04\/nuevo-logo-blanco-3-1024x215.png\" alt=\"\" class=\"wp-image-331\" width=\"256\" height=\"54\" srcset=\"https:\/\/truvisory.com.mx\/wp-content\/uploads\/2022\/04\/nuevo-logo-blanco-3-1024x215.png 1024w, https:\/\/truvisory.com.mx\/wp-content\/uploads\/2022\/04\/nuevo-logo-blanco-3-300x63.png 300w, https:\/\/truvisory.com.mx\/wp-content\/uploads\/2022\/04\/nuevo-logo-blanco-3-768x161.png 768w, https:\/\/truvisory.com.mx\/wp-content\/uploads\/2022\/04\/nuevo-logo-blanco-3.png 1094w\" sizes=\"auto, (max-width: 256px) 100vw, 256px\" \/><\/figure><\/div>\n<\/div>\n<\/div>\n\n\n\n<p class=\"has-text-align-center has-white-color has-text-color\">En&nbsp;<strong>Truvisory&nbsp;<\/strong>conocemos el valor de&nbsp;<strong>transformar&nbsp;<\/strong>la informaci\u00f3n en&nbsp;<strong>estrategia&nbsp;<\/strong>y la estrategia en&nbsp;<strong>acci\u00f3n<\/strong>.<\/p>\n<\/div><\/div>\n\n\n\n<div style=\"height:28px\" aria-hidden=\"true\" class=\"wp-block-spacer\"><\/div>\n\n\n\n<h2 class=\"alignfull has-text-align-center has-x-large-font-size wp-block-heading\" style=\"font-style:normal;font-weight:300\">SERVICIOS<\/h2>\n\n\n\n<div class=\"wp-block-group\"><div class=\"wp-block-group__inner-container is-layout-flow wp-block-group-is-layout-flow\">\n<h2 class=\"has-text-align-center wp-block-heading\" style=\"font-size:16px;font-style:normal;font-weight:300\"><em>Integraci\u00f3n de metodolog\u00eda y disciplinas para una exploraci\u00f3n profunda del consumidor y el contexto.<\/em><\/h2>\n\n\n\n<h2 class=\"has-text-align-center has-text-color wp-block-heading\" style=\"color:#efc600;font-size:16px;font-style:normal;font-weight:300\"><em>Manifestaciones de las tendencias en distintos grupos sociales y niveles socioecon\u00f3micos.<\/em><\/h2>\n\n\n\n<h2 class=\"has-text-align-center wp-block-heading\" style=\"font-size:16px;font-style:normal;font-weight:300\"><em>Oportunidades y territorios de innovaci\u00f3n.<\/em><\/h2>\n<\/div><\/div>\n\n\n\n<div style=\"height:43px\" aria-hidden=\"true\" class=\"wp-block-spacer\"><\/div>\n\n\n\n<div class=\"wp-block-columns alignwide is-layout-flex wp-container-core-columns-is-layout-9d6595d7 wp-block-columns-is-layout-flex\">\n<div class=\"wp-block-column is-layout-flow wp-block-column-is-layout-flow\">\n<div class=\"wp-block-image\"><figure class=\"aligncenter size-full is-resized\"><img loading=\"lazy\" decoding=\"async\" src=\"https:\/\/truvisory.com.mx\/wp-content\/uploads\/2022\/04\/tendencias-2.png\" alt=\"\" class=\"wp-image-68\" width=\"185\" height=\"180\"\/><\/figure><\/div>\n\n\n\n<h2 class=\"has-text-align-center has-medium-font-size wp-block-heading\"><strong>TENDENCIAS<\/strong><br>VISI\u00d3N DE OPORTUNIDADES<\/h2>\n\n\n\n<p class=\"has-text-align-center has-small-font-size\">Observatorio de tendencias. Recorridos de inspiraci\u00f3n. Coolhunting. Monitor de Trendsetters. Trend Briefings. Product Tracking.<\/p>\n<\/div>\n\n\n\n<div class=\"wp-block-column is-layout-flow wp-block-column-is-layout-flow\">\n<div class=\"wp-block-image\"><figure class=\"aligncenter size-full is-resized\"><img loading=\"lazy\" decoding=\"async\" src=\"https:\/\/truvisory.com.mx\/wp-content\/uploads\/2022\/04\/implementacion.png\" alt=\"\" class=\"wp-image-71\" width=\"180\" height=\"180\" srcset=\"https:\/\/truvisory.com.mx\/wp-content\/uploads\/2022\/04\/implementacion.png 427w, https:\/\/truvisory.com.mx\/wp-content\/uploads\/2022\/04\/implementacion-300x300.png 300w, https:\/\/truvisory.com.mx\/wp-content\/uploads\/2022\/04\/implementacion-150x150.png 150w\" sizes=\"auto, (max-width: 180px) 100vw, 180px\" \/><\/figure><\/div>\n\n\n\n<h2 class=\"has-text-align-center has-medium-font-size wp-block-heading\"><strong>IMPLEMENTACI\u00d3N<\/strong><br>ESTRATEGIA EN ACCI\u00d3N<\/h2>\n\n\n\n<p class=\"has-text-align-center has-small-font-size\">Creaci\u00f3n de conceptos &amp; product naming. Generaci\u00f3n de contenidos Planning.<\/p>\n<\/div>\n\n\n\n<div class=\"wp-block-column is-layout-flow wp-block-column-is-layout-flow\">\n<div class=\"wp-block-image\"><figure class=\"aligncenter size-full is-resized\"><img loading=\"lazy\" decoding=\"async\" src=\"https:\/\/truvisory.com.mx\/wp-content\/uploads\/2022\/04\/implementaciocc81n-1.png\" alt=\"\" class=\"wp-image-28\" width=\"175\" height=\"175\" srcset=\"https:\/\/truvisory.com.mx\/wp-content\/uploads\/2022\/04\/implementaciocc81n-1.png 440w, https:\/\/truvisory.com.mx\/wp-content\/uploads\/2022\/04\/implementaciocc81n-1-300x300.png 300w, https:\/\/truvisory.com.mx\/wp-content\/uploads\/2022\/04\/implementaciocc81n-1-150x150.png 150w\" sizes=\"auto, (max-width: 175px) 100vw, 175px\" \/><\/figure><\/div>\n\n\n\n<h2 class=\"has-text-align-center has-medium-font-size wp-block-heading\"><strong>INVESTIGACI\u00d3N DE MERCADO<\/strong><br>PROFUNDIDAD Y SINTON\u00cdA<\/h2>\n\n\n\n<p class=\"has-text-align-center has-small-font-size\">Focus groups. Entrevistras &amp; Etnograf\u00edas Shopping &amp; Retail experiences. Estudios cuantitativos. Semiotic. Context.<\/p>\n<\/div>\n<\/div>\n\n\n\n<div style=\"height:29px\" aria-hidden=\"true\" class=\"wp-block-spacer\"><\/div>\n\n\n\n<div class=\"wp-block-columns alignwide is-layout-flex wp-container-core-columns-is-layout-9d6595d7 wp-block-columns-is-layout-flex\">\n<div class=\"wp-block-column is-layout-flow wp-block-column-is-layout-flow\">\n<div class=\"wp-block-image is-style-default\"><figure class=\"aligncenter size-full is-resized\"><img loading=\"lazy\" decoding=\"async\" src=\"https:\/\/truvisory.com.mx\/wp-content\/uploads\/2022\/04\/innovacion-1.png\" alt=\"\" class=\"wp-image-75\" width=\"189\" height=\"189\" srcset=\"https:\/\/truvisory.com.mx\/wp-content\/uploads\/2022\/04\/innovacion-1.png 431w, https:\/\/truvisory.com.mx\/wp-content\/uploads\/2022\/04\/innovacion-1-300x300.png 300w, https:\/\/truvisory.com.mx\/wp-content\/uploads\/2022\/04\/innovacion-1-150x150.png 150w\" sizes=\"auto, (max-width: 189px) 100vw, 189px\" \/><\/figure><\/div>\n\n\n\n<h2 class=\"has-text-align-center has-medium-font-size wp-block-heading\"><strong>INNOVACI\u00d3N<\/strong><br>CREATIVIDAD APLICADA<\/h2>\n\n\n\n<p class=\"has-text-align-center has-small-font-size\">Workshops de inspiraci\u00f3n. Laboratorios de ideaci\u00f3n con consumidores. Evaluaci\u00f3n de escenarios y territorios de oportunidad.<\/p>\n<\/div>\n\n\n\n<div class=\"wp-block-column is-layout-flow wp-block-column-is-layout-flow\">\n<div class=\"wp-block-image is-style-default\"><figure class=\"aligncenter size-full is-resized\"><img loading=\"lazy\" decoding=\"async\" src=\"https:\/\/truvisory.com.mx\/wp-content\/uploads\/2022\/04\/consultoria-1.png\" alt=\"\" class=\"wp-image-76\" width=\"189\" height=\"189\" srcset=\"https:\/\/truvisory.com.mx\/wp-content\/uploads\/2022\/04\/consultoria-1.png 447w, https:\/\/truvisory.com.mx\/wp-content\/uploads\/2022\/04\/consultoria-1-300x300.png 300w, https:\/\/truvisory.com.mx\/wp-content\/uploads\/2022\/04\/consultoria-1-150x150.png 150w\" sizes=\"auto, (max-width: 189px) 100vw, 189px\" \/><\/figure><\/div>\n\n\n\n<h2 class=\"has-text-align-center has-medium-font-size wp-block-heading\"><strong>CONSULTOR\u00cdA<\/strong><br><strong>CAPACITACI\u00d3N Y DESARROLLO<\/strong><\/h2>\n\n\n\n<p class=\"has-text-align-center has-small-font-size\">Investigamos. Diagnosticamos. Resolvemos desaf\u00edos. Alineamos la cultura y la estrategia corporativa.<\/p>\n<\/div>\n\n\n\n<div class=\"wp-block-column is-layout-flow wp-block-column-is-layout-flow\">\n<div class=\"wp-block-image is-style-default\"><figure class=\"aligncenter size-full is-resized\"><img loading=\"lazy\" decoding=\"async\" src=\"https:\/\/truvisory.com.mx\/wp-content\/uploads\/2022\/04\/gendersity.png\" alt=\"\" class=\"wp-image-74\" width=\"197\" height=\"197\" srcset=\"https:\/\/truvisory.com.mx\/wp-content\/uploads\/2022\/04\/gendersity.png 436w, https:\/\/truvisory.com.mx\/wp-content\/uploads\/2022\/04\/gendersity-300x300.png 300w, https:\/\/truvisory.com.mx\/wp-content\/uploads\/2022\/04\/gendersity-150x150.png 150w\" sizes=\"auto, (max-width: 197px) 100vw, 197px\" \/><\/figure><\/div>\n\n\n\n<h2 class=\"has-text-align-center has-medium-font-size wp-block-heading\"><strong>GENDERSITY<\/strong>G<\/h2>\n\n\n\n<p class=\"has-text-align-center has-small-font-size\">Investigaci\u00f3n. Trend-hunting. Estrategias accionables y mentoring corporativo g\u00e9nero-sensible.<\/p>\n<\/div>\n<\/div>\n\n\n\n<div class=\"wp-block-cover alignfull is-light has-custom-content-position is-position-top-center\" style=\"min-height:303px;aspect-ratio:unset;\"><span aria-hidden=\"true\" class=\"has-background-dim-100 wp-block-cover__gradient-background has-background-dim\" style=\"background-color:#f3f3f3\"><\/span><div class=\"wp-block-cover__inner-container is-layout-flow wp-block-cover-is-layout-flow\">\n<h2 class=\"has-text-align-center has-large-font-size wp-block-heading\">\u00bfCOMO LO HACEMOS?<\/h2>\n\n\n\n<p class=\"has-text-align-center\">Creemos en el valor de&nbsp;<strong>observar, analizar, escuchar e innovar<\/strong>. Porque m\u00e1s que lo que hacemos, nos define&nbsp;<strong>COMO&nbsp;<\/strong>lo hacemos.<\/p>\n\n\n\n<ul class=\"wp-block-list\"><li><strong>Investigando&nbsp;<\/strong>oportunidades concretas de negocio y crecimiento.<\/li><li><strong>Identificando&nbsp;<\/strong>patrones de consumo y perfiles emergentes.<\/li><li><strong>Interpretando&nbsp;<\/strong>tendencias sociales, culturales y de consumo en todos los grupos sociales y niveles socioecon\u00f3micos.<\/li><li><strong>Acompa\u00f1ando&nbsp;<\/strong>a nuestros clientes en procesos de transformaci\u00f3n e innovaci\u00f3n.<\/li><\/ul>\n<\/div><\/div>\n\n\n\n<div class=\"wp-block-cover alignfull is-light has-parallax\" style=\"background-image:url(https:\/\/truvisory.com.mx\/wp-content\/uploads\/2022\/04\/shutterstock_1831101904-1-scaled.jpg);min-height:129px;aspect-ratio:unset;\"><span aria-hidden=\"true\" class=\"wp-block-cover__gradient-background has-background-dim\"><\/span><div class=\"wp-block-cover__inner-container is-layout-flow wp-block-cover-is-layout-flow\">\n<p class=\"has-text-align-center has-large-font-size\"><\/p>\n<\/div><\/div>\n\n\n\n<div style=\"height:40px\" aria-hidden=\"true\" class=\"wp-block-spacer\"><\/div>\n\n\n\n<div class=\"wp-block-columns is-layout-flex wp-container-core-columns-is-layout-9d6595d7 wp-block-columns-is-layout-flex\">\n<div class=\"wp-block-column is-layout-flow wp-block-column-is-layout-flow\">\n<h2 class=\"wp-block-heading\">CONTACTO <\/h2>\n\n\n\n<p>Dinos tus <strong>necesidades<\/strong> nosotros encontraremos tus <strong>soluciones<\/strong>. <\/p>\n\n\n\n<p>Monterrey\u00a0<strong>(81) 1098 \u2013 8320<\/strong> Email:\u00a0<strong><em>tendencias@truvisory.com.mx<\/em><\/strong><\/p>\n<\/div>\n\n\n\n<div class=\"wp-block-column is-layout-flow wp-block-column-is-layout-flow\">\n<div class=\"wp-block-cover is-light\" style=\"min-height:207px;aspect-ratio:unset;\"><span aria-hidden=\"true\" class=\"has-background-dim-100 wp-block-cover__gradient-background has-background-dim\" style=\"background-color:#f5f5f5\"><\/span><div class=\"wp-block-cover__inner-container is-layout-flow wp-block-cover-is-layout-flow\">\n<p class=\"has-text-align-center has-large-font-size\"><\/p>\n<\/div><\/div>\n<\/div>\n<\/div>\n\n\n\n<p><\/p>\n","protected":false},"excerpt":{"rendered":"<p>SERVICIOS Integraci\u00f3n de metodolog\u00eda y disciplinas para una exploraci\u00f3n profunda del consumidor y el contexto. Manifestaciones de las tendencias en distintos grupos sociales y niveles socioecon\u00f3micos. Oportunidades y territorios de innovaci\u00f3n. TENDENCIASVISI\u00d3N DE OPORTUNIDADES Observatorio de tendencias. Recorridos de inspiraci\u00f3n. Coolhunting. Monitor de Trendsetters. Trend Briefings. Product Tracking. IMPLEMENTACI\u00d3NESTRATEGIA EN ACCI\u00d3N Creaci\u00f3n de conceptos &amp; [&hellip;]<\/p>\n","protected":false},"author":1,"featured_media":0,"parent":0,"menu_order":0,"comment_status":"closed","ping_status":"closed","template":"","meta":{"footnotes":""},"class_list":["post-382","page","type-page","status-publish","hentry"],"_links":{"self":[{"href":"https:\/\/truvisory.com.mx\/index.php\/wp-json\/wp\/v2\/pages\/382","targetHints":{"allow":["GET"]}}],"collection":[{"href":"https:\/\/truvisory.com.mx\/index.php\/wp-json\/wp\/v2\/pages"}],"about":[{"href":"https:\/\/truvisory.com.mx\/index.php\/wp-json\/wp\/v2\/types\/page"}],"author":[{"embeddable":true,"href":"https:\/\/truvisory.com.mx\/index.php\/wp-json\/wp\/v2\/users\/1"}],"replies":[{"embeddable":true,"href":"https:\/\/truvisory.com.mx\/index.php\/wp-json\/wp\/v2\/comments?post=382"}],"version-history":[{"count":32,"href":"https:\/\/truvisory.com.mx\/index.php\/wp-json\/wp\/v2\/pages\/382\/revisions"}],"predecessor-version":[{"id":532,"href":"https:\/\/truvisory.com.mx\/index.php\/wp-json\/wp\/v2\/pages\/382\/revisions\/532"}],"wp:attachment":[{"href":"https:\/\/truvisory.com.mx\/index.php\/wp-json\/wp\/v2\/media?parent=382"}],"curies":[{"name":"wp","href":"https:\/\/api.w.org\/{rel}","templated":true}]}}