{"id":283,"date":"2022-04-27T08:08:50","date_gmt":"2022-04-27T13:08:50","guid":{"rendered":"https:\/\/truvisorycommxwpadmin.wordpress.com\/?page_id=283"},"modified":"2022-04-27T21:02:28","modified_gmt":"2022-04-27T21:02:28","slug":"283-2","status":"publish","type":"page","link":"https:\/\/truvisory.com.mx\/index.php\/283-2\/","title":{"rendered":""},"content":{"rendered":"\n<div class=\"wp-block-cover alignfull is-light has-parallax\" style=\"background-image:url(https:\/\/truvisory.com.mx\/wp-content\/uploads\/2022\/04\/shutterstock_1925781110.jpg);min-height:240px;aspect-ratio:unset;\"><span aria-hidden=\"true\" class=\"wp-block-cover__gradient-background has-background-dim\"><\/span><div class=\"wp-block-cover__inner-container is-layout-flow wp-block-cover-is-layout-flow\">\n<h1 class=\"has-white-color has-text-color wp-block-heading\" style=\"font-size:70px\"><strong>GENDERSITY<\/strong><\/h1>\n\n\n\n<h3 class=\"has-white-color has-text-color wp-block-heading\" style=\"font-style:normal;font-weight:400\">G\u00e9neros y Diversidad<\/h3>\n<\/div><\/div>\n\n\n\n<div class=\"wp-block-cover alignfull is-light\" style=\"min-height:186px;aspect-ratio:unset;\"><span aria-hidden=\"true\" class=\"has-background-dim-100 wp-block-cover__gradient-background has-background-dim\" style=\"background-color:#f7f7f7\"><\/span><div class=\"wp-block-cover__inner-container is-layout-flow wp-block-cover-is-layout-flow\">\n<p class=\"has-text-align-center\" style=\"font-size:16px\"><em><strong>Gendersity&nbsp;<\/strong><\/em>nace para generar acciones g\u00e9nero-sensibles a trav\u00e9s de un portfolio de servicios, ayudando a las marcas a adecuarse hacia una mayor igualdad entre los g\u00e9neros.<\/p>\n\n\n\n<p class=\"has-text-align-center\" style=\"font-size:16px\">Porque las empresas deben ser actores sociales l\u00edderes en la promoci\u00f3n de la igualdad de g\u00e9nero desde una perspectiva positiva y constructiva.&nbsp;<\/p>\n<\/div><\/div>\n\n\n\n<div style=\"height:24px\" aria-hidden=\"true\" class=\"wp-block-spacer\"><\/div>\n\n\n\n<h2 class=\"alignfull has-text-align-center has-medium-font-size wp-block-heading\" style=\"font-style:normal;font-weight:300\">NUESTROS SERVICIOS<\/h2>\n\n\n\n<div style=\"height:24px\" aria-hidden=\"true\" class=\"wp-block-spacer\"><\/div>\n\n\n\n<div class=\"wp-block-columns alignwide is-layout-flex wp-container-core-columns-is-layout-9d6595d7 wp-block-columns-is-layout-flex\">\n<div class=\"wp-block-column is-vertically-aligned-center is-layout-flow wp-block-column-is-layout-flow\">\n<h2 class=\"has-text-align-left has-medium-font-size wp-block-heading\"><strong>Investigaci\u00f3n estrat\u00e9gica:<\/strong>&nbsp;<strong>Liderar es sintonizar.<\/strong>&nbsp;<\/h2>\n<\/div>\n\n\n\n<div class=\"wp-block-column is-layout-flow wp-block-column-is-layout-flow\">\n<p class=\"has-background\" style=\"background-color:#f8f8f8\">Para <strong>entender <\/strong>mejor a los\/as consumidores\/as.<\/p>\n<\/div>\n<\/div>\n\n\n\n<div class=\"wp-block-columns alignwide is-layout-flex wp-container-core-columns-is-layout-9d6595d7 wp-block-columns-is-layout-flex\">\n<div class=\"wp-block-column is-layout-flow wp-block-column-is-layout-flow\">\n<p class=\"has-text-align-left has-background\" style=\"background-color:#fcfcfc\">Para <strong>identificar <\/strong>emergentes, tendencias del futuro, inspirar al staff y perfilar la innovaci\u00f3n marcaria.<\/p>\n<\/div>\n\n\n\n<div class=\"wp-block-column is-vertically-aligned-center is-layout-flow wp-block-column-is-layout-flow\">\n<h2 class=\"has-medium-font-size wp-block-heading\"><strong>Tendencias e innovaci\u00f3n:<\/strong>&nbsp;<strong>Liderar es marcar tendencia.<\/strong>&nbsp;<\/h2>\n<\/div>\n<\/div>\n\n\n\n<div class=\"wp-block-columns alignwide is-layout-flex wp-container-core-columns-is-layout-9d6595d7 wp-block-columns-is-layout-flex\">\n<div class=\"wp-block-column is-vertically-aligned-center is-layout-flow wp-block-column-is-layout-flow\">\n<h2 class=\"has-text-align-left has-medium-font-size wp-block-heading\"><strong>Estrategias accionables:<\/strong>&nbsp;<strong>Liderar es comunicar con impacto y empat\u00eda.<\/strong>&nbsp;<\/h2>\n<\/div>\n\n\n\n<div class=\"wp-block-column is-layout-flow wp-block-column-is-layout-flow\">\n<p class=\"has-background\" style=\"background-color:#fbfbfb\">Para <strong>orientar <\/strong>creativamente la adecuaci\u00f3n marcaria concreta en todas sus fases.<\/p>\n<\/div>\n<\/div>\n\n\n\n<div class=\"wp-block-columns alignwide is-layout-flex wp-container-core-columns-is-layout-9d6595d7 wp-block-columns-is-layout-flex\">\n<div class=\"wp-block-column is-layout-flow wp-block-column-is-layout-flow\">\n<p class=\"has-text-align-left has-background\" style=\"background-color:#fbfbfb\">Para <strong>coachear <\/strong>profesionalmente la adecuaci\u00f3n institucional.<\/p>\n<\/div>\n\n\n\n<div class=\"wp-block-column is-vertically-aligned-center is-layout-flow wp-block-column-is-layout-flow\">\n<h2 class=\"has-medium-font-size wp-block-heading\"><strong>Mentoring corporativo:<\/strong>&nbsp;<strong>Liderar es liderar.<\/strong><\/h2>\n<\/div>\n<\/div>\n\n\n\n<div class=\"wp-block-cover alignfull is-light has-parallax\" style=\"background-image:url(https:\/\/truvisory.com.mx\/wp-content\/uploads\/2022\/04\/shutterstock_1925781110-1.jpg);min-height:149px;aspect-ratio:unset;\"><span aria-hidden=\"true\" class=\"has-background-dim-10 wp-block-cover__gradient-background has-background-dim\"><\/span><div class=\"wp-block-cover__inner-container is-layout-flow wp-block-cover-is-layout-flow\">\n<p class=\"has-text-align-center has-large-font-size\"><\/p>\n<\/div><\/div>\n\n\n\n<div style=\"height:48px\" aria-hidden=\"true\" class=\"wp-block-spacer\"><\/div>\n\n\n\n<div class=\"wp-block-columns alignwide is-layout-flex wp-container-core-columns-is-layout-9d6595d7 wp-block-columns-is-layout-flex\">\n<div class=\"wp-block-column is-layout-flow wp-block-column-is-layout-flow\">\n<h2 class=\"wp-block-heading\">CONTACTO<\/h2>\n\n\n\n<p>Dinos tus <strong>necesidades<\/strong> nosotros encontraremos tus <strong>soluciones<\/strong>. <\/p>\n\n\n\n<p>Monterrey&nbsp;<strong>(81) 1098 \u2013 8320<\/strong> Email:&nbsp;<strong><em>tendencias@truvisory.com.mx<\/em><\/strong><\/p>\n<\/div>\n\n\n\n<div class=\"wp-block-column is-layout-flow wp-block-column-is-layout-flow\">\n<div class=\"wp-block-cover is-light\" style=\"min-height:207px;aspect-ratio:unset;\"><span aria-hidden=\"true\" class=\"has-background-dim-100 wp-block-cover__gradient-background has-background-dim\" style=\"background-color:#efefef\"><\/span><div class=\"wp-block-cover__inner-container is-layout-flow wp-block-cover-is-layout-flow\">\n<p class=\"has-text-align-center has-large-font-size\"><\/p>\n<\/div><\/div>\n<\/div>\n<\/div>\n\n\n\n<p><\/p>\n","protected":false},"excerpt":{"rendered":"<p>NUESTROS SERVICIOS Investigaci\u00f3n estrat\u00e9gica:&nbsp;Liderar es sintonizar.&nbsp; Para entender mejor a los\/as consumidores\/as. Para identificar emergentes, tendencias del futuro, inspirar al staff y perfilar la innovaci\u00f3n marcaria. Tendencias e innovaci\u00f3n:&nbsp;Liderar es marcar tendencia.&nbsp; Estrategias accionables:&nbsp;Liderar es comunicar con impacto y empat\u00eda.&nbsp; Para orientar creativamente la adecuaci\u00f3n marcaria concreta en todas sus fases. Para coachear profesionalmente la [&hellip;]<\/p>\n","protected":false},"author":1,"featured_media":0,"parent":0,"menu_order":0,"comment_status":"closed","ping_status":"closed","template":"","meta":{"footnotes":""},"class_list":["post-283","page","type-page","status-publish","hentry"],"_links":{"self":[{"href":"https:\/\/truvisory.com.mx\/index.php\/wp-json\/wp\/v2\/pages\/283","targetHints":{"allow":["GET"]}}],"collection":[{"href":"https:\/\/truvisory.com.mx\/index.php\/wp-json\/wp\/v2\/pages"}],"about":[{"href":"https:\/\/truvisory.com.mx\/index.php\/wp-json\/wp\/v2\/types\/page"}],"author":[{"embeddable":true,"href":"https:\/\/truvisory.com.mx\/index.php\/wp-json\/wp\/v2\/users\/1"}],"replies":[{"embeddable":true,"href":"https:\/\/truvisory.com.mx\/index.php\/wp-json\/wp\/v2\/comments?post=283"}],"version-history":[{"count":12,"href":"https:\/\/truvisory.com.mx\/index.php\/wp-json\/wp\/v2\/pages\/283\/revisions"}],"predecessor-version":[{"id":546,"href":"https:\/\/truvisory.com.mx\/index.php\/wp-json\/wp\/v2\/pages\/283\/revisions\/546"}],"wp:attachment":[{"href":"https:\/\/truvisory.com.mx\/index.php\/wp-json\/wp\/v2\/media?parent=283"}],"curies":[{"name":"wp","href":"https:\/\/api.w.org\/{rel}","templated":true}]}}