{"id":179,"date":"2022-04-27T08:09:48","date_gmt":"2022-04-27T13:09:48","guid":{"rendered":"https:\/\/truvisorycommxwpadmin.wordpress.com\/?page_id=179"},"modified":"2022-04-27T21:00:27","modified_gmt":"2022-04-27T21:00:27","slug":"179-2","status":"publish","type":"page","link":"https:\/\/truvisory.com.mx\/index.php\/179-2\/","title":{"rendered":""},"content":{"rendered":"\n<div class=\"wp-block-cover alignfull has-parallax has-custom-content-position is-position-top-left\" style=\"background-image:url(https:\/\/truvisory.com.mx\/wp-content\/uploads\/2022\/04\/shutterstock_146379659-2.jpg);min-height:309px;aspect-ratio:unset;\"><span aria-hidden=\"true\" class=\"has-background-dim-60 wp-block-cover__gradient-background has-background-dim\"><\/span><div class=\"wp-block-cover__inner-container is-layout-flow wp-block-cover-is-layout-flow\">\n<div style=\"height:26px\" aria-hidden=\"true\" class=\"wp-block-spacer\"><\/div>\n\n\n\n<h4 class=\"has-background-color has-text-color has-large-font-size wp-block-heading\" style=\"line-height:0.4\">Soluciones a medida. <\/h4>\n\n\n\n<div style=\"height:34px\" aria-hidden=\"true\" class=\"wp-block-spacer\"><\/div>\n\n\n\n<h4 class=\"has-background-color has-text-color has-large-font-size wp-block-heading\" style=\"line-height:0.4\">\u00danicas, Accionables. <\/h4>\n\n\n\n<div style=\"height:34px\" aria-hidden=\"true\" class=\"wp-block-spacer\"><\/div>\n\n\n\n<h4 class=\"has-background-color has-text-color has-large-font-size wp-block-heading\" style=\"line-height:0.4\">Concretas.<\/h4>\n\n\n\n<div style=\"height:26px\" aria-hidden=\"true\" class=\"wp-block-spacer\"><\/div>\n\n\n\n<h5 class=\"has-background-color has-text-color wp-block-heading\" style=\"font-style:normal;font-weight:200\">NUESTROS SERVICIOS<\/h5>\n\n\n\n<p class=\"has-background-color has-text-color\"><strong>Desarrollamos soluciones integrales<\/strong>&nbsp;para acompa\u00f1ar a las empresas y organizaciones.<\/p>\n\n\n\n<p class=\"has-background-color has-text-color\">Son&nbsp;<strong>soluciones a medida<\/strong>, dise\u00f1adas a partir de un diagn\u00f3stico profundo de las necesidades de la organizaci\u00f3n.<\/p>\n\n\n\n<p class=\"has-background-color has-text-color\">Todas nuestras propuestas de consultor\u00eda se anclan en el negocio, con el objetivo de lograr conocimiento concreto y aplicable.<\/p>\n\n\n\n<p>CAPACITACI\u00d3N:<\/p>\n<\/div><\/div>\n\n\n\n<h3 class=\"alignfull has-tertiary-background-color has-background wp-block-heading\"><strong>Algunas de las tem\u00e1ticas que trabajamos:<\/strong><\/h3>\n\n\n\n<div class=\"wp-block-columns alignwide is-layout-flex wp-container-core-columns-is-layout-9d6595d7 wp-block-columns-is-layout-flex\">\n<div class=\"wp-block-column is-layout-flow wp-block-column-is-layout-flow\" style=\"flex-basis:100%\">\n<p class=\"has-background\" style=\"background-color:#fdfdfd\">Habilidades blandas, <strong>liderazgo<\/strong>, equipos de alto desempe\u00f1o, <strong>coaching<\/strong>, cambio y cultura, <strong>innovaci\u00f3n<\/strong>, creatividad, presentaciones eficaces.&nbsp;<strong>Marketing<\/strong>, investigaci\u00f3n de mercado, <strong>UX<\/strong>, mindset digital, marca.<\/p>\n<\/div>\n<\/div>\n\n\n\n<h3 class=\"alignfull has-tertiary-background-color has-background wp-block-heading\">Cl\u00ednicas de Innovaci\u00f3n<\/h3>\n\n\n\n<div class=\"wp-block-columns alignwide is-layout-flex wp-container-core-columns-is-layout-9d6595d7 wp-block-columns-is-layout-flex\">\n<div class=\"wp-block-column is-layout-flow wp-block-column-is-layout-flow\" style=\"flex-basis:100%\">\n<p class=\"has-background\" style=\"background-color:#fcfcfc\"><strong>Experiencias disruptivas<\/strong> para grupos que vinculan diversas t\u00e9cnicas para favorecer procesos de ideaci\u00f3n y pasaje a la acci\u00f3n.<\/p>\n<\/div>\n<\/div>\n\n\n\n<div class=\"wp-block-cover alignfull is-light has-parallax\" style=\"background-image:url(https:\/\/truvisory.com.mx\/wp-content\/uploads\/2022\/04\/shutterstock_146379659-4.jpg);min-height:199px;aspect-ratio:unset;\"><span aria-hidden=\"true\" class=\"has-background-dim-20 wp-block-cover__gradient-background has-background-dim\"><\/span><div class=\"wp-block-cover__inner-container is-layout-flow wp-block-cover-is-layout-flow\">\n<p class=\"has-text-align-center has-large-font-size\"><\/p>\n<\/div><\/div>\n\n\n\n<div class=\"wp-block-group alignfull\"><div class=\"wp-block-group__inner-container is-layout-flow wp-block-group-is-layout-flow\">\n<div class=\"wp-block-columns is-layout-flex wp-container-core-columns-is-layout-9d6595d7 wp-block-columns-is-layout-flex\">\n<div class=\"wp-block-column is-layout-flow wp-block-column-is-layout-flow\">\n<div style=\"height:33px\" aria-hidden=\"true\" class=\"wp-block-spacer\"><\/div>\n<\/div>\n<\/div>\n<\/div><\/div>\n\n\n\n<div class=\"wp-block-columns alignwide is-layout-flex wp-container-core-columns-is-layout-9d6595d7 wp-block-columns-is-layout-flex\">\n<div class=\"wp-block-column is-layout-flow wp-block-column-is-layout-flow\">\n<h2 class=\"wp-block-heading\">CONTACTO<\/h2>\n\n\n\n<p>Dinos tus <strong>necesidades<\/strong> nosotros encontraremos tus <strong>soluciones<\/strong>. <\/p>\n\n\n\n<p>Monterrey&nbsp;<strong>(81) 1098 \u2013 8320<\/strong> Email:&nbsp;<strong><em>tendencias@truvisory.com.mx<\/em><\/strong><\/p>\n<\/div>\n\n\n\n<div class=\"wp-block-column is-layout-flow wp-block-column-is-layout-flow\">\n<div class=\"wp-block-cover is-light\" style=\"min-height:198px;aspect-ratio:unset;\"><span aria-hidden=\"true\" class=\"has-background-dim-100 wp-block-cover__gradient-background has-background-dim\" style=\"background-color:#fafafa\"><\/span><div class=\"wp-block-cover__inner-container is-layout-flow wp-block-cover-is-layout-flow\">\n<p class=\"has-text-align-center has-large-font-size\"><\/p>\n<\/div><\/div>\n<\/div>\n<\/div>\n","protected":false},"excerpt":{"rendered":"<p>Algunas de las tem\u00e1ticas que trabajamos: Habilidades blandas, liderazgo, equipos de alto desempe\u00f1o, coaching, cambio y cultura, innovaci\u00f3n, creatividad, presentaciones eficaces.&nbsp;Marketing, investigaci\u00f3n de mercado, UX, mindset digital, marca. Cl\u00ednicas de Innovaci\u00f3n Experiencias disruptivas para grupos que vinculan diversas t\u00e9cnicas para favorecer procesos de ideaci\u00f3n y pasaje a la acci\u00f3n. CONTACTO Dinos tus necesidades nosotros encontraremos [&hellip;]<\/p>\n","protected":false},"author":1,"featured_media":0,"parent":0,"menu_order":0,"comment_status":"closed","ping_status":"closed","template":"","meta":{"footnotes":""},"class_list":["post-179","page","type-page","status-publish","hentry"],"_links":{"self":[{"href":"https:\/\/truvisory.com.mx\/index.php\/wp-json\/wp\/v2\/pages\/179","targetHints":{"allow":["GET"]}}],"collection":[{"href":"https:\/\/truvisory.com.mx\/index.php\/wp-json\/wp\/v2\/pages"}],"about":[{"href":"https:\/\/truvisory.com.mx\/index.php\/wp-json\/wp\/v2\/types\/page"}],"author":[{"embeddable":true,"href":"https:\/\/truvisory.com.mx\/index.php\/wp-json\/wp\/v2\/users\/1"}],"replies":[{"embeddable":true,"href":"https:\/\/truvisory.com.mx\/index.php\/wp-json\/wp\/v2\/comments?post=179"}],"version-history":[{"count":7,"href":"https:\/\/truvisory.com.mx\/index.php\/wp-json\/wp\/v2\/pages\/179\/revisions"}],"predecessor-version":[{"id":542,"href":"https:\/\/truvisory.com.mx\/index.php\/wp-json\/wp\/v2\/pages\/179\/revisions\/542"}],"wp:attachment":[{"href":"https:\/\/truvisory.com.mx\/index.php\/wp-json\/wp\/v2\/media?parent=179"}],"curies":[{"name":"wp","href":"https:\/\/api.w.org\/{rel}","templated":true}]}}