{"id":159,"date":"2022-04-27T08:08:42","date_gmt":"2022-04-27T13:08:42","guid":{"rendered":"https:\/\/truvisorycommxwpadmin.wordpress.com\/?page_id=159"},"modified":"2022-04-27T21:05:50","modified_gmt":"2022-04-27T21:05:50","slug":"159-2","status":"publish","type":"page","link":"https:\/\/truvisory.com.mx\/index.php\/159-2\/","title":{"rendered":""},"content":{"rendered":"\n<div class=\"wp-block-cover alignfull is-light has-parallax\" style=\"background-image:url(https:\/\/truvisory.com.mx\/wp-content\/uploads\/2022\/04\/shutterstock_1155079171-1.jpg);min-height:416px;aspect-ratio:unset;\"><span aria-hidden=\"true\" class=\"wp-block-cover__gradient-background has-background-dim\"><\/span><div class=\"wp-block-cover__inner-container is-layout-flow wp-block-cover-is-layout-flow\">\n<h2 class=\"has-white-color has-text-color wp-block-heading\" style=\"font-size:70px;font-style:normal;font-weight:700\">INVESTIGACI\u00d3N DE MERCADOS<\/h2>\n\n\n\n<h3 class=\"has-white-color has-text-color wp-block-heading\"><strong>Profundidad y sinton\u00eda<\/strong><\/h3>\n\n\n\n<h5 class=\"has-white-color has-text-color wp-block-heading\" style=\"font-style:normal;font-weight:100\">NUESTROS SERVICIOS<\/h5>\n<\/div><\/div>\n\n\n\n<div class=\"wp-block-columns alignwide is-layout-flex wp-container-core-columns-is-layout-9d6595d7 wp-block-columns-is-layout-flex\">\n<div class=\"wp-block-column is-layout-flow wp-block-column-is-layout-flow\" style=\"flex-basis:33.33%\">\n<h3 class=\"has-background wp-block-heading\" style=\"background-color:#fcfbfb;font-size:30px\"><strong>Focus Groups<\/strong><\/h3>\n<\/div>\n\n\n\n<div class=\"wp-block-column is-vertically-aligned-center is-layout-flow wp-block-column-is-layout-flow\" style=\"flex-basis:66.66%\">\n<p>Realizamos focus groups con consumidores, logrando una <strong>exploraci\u00f3n profunda en las l\u00f3gicas  y emociones que sostienen el consumo<\/strong>.&nbsp;<\/p>\n<\/div>\n<\/div>\n\n\n\n<div class=\"wp-block-columns alignwide is-layout-flex wp-container-core-columns-is-layout-9d6595d7 wp-block-columns-is-layout-flex\">\n<div class=\"wp-block-column is-layout-flow wp-block-column-is-layout-flow\" style=\"flex-basis:33.33%\">\n<h4 class=\"has-background wp-block-heading\" style=\"background-color:#fcfcfc;font-size:30px\"><strong>Entrevistas &amp; Etnograf\u00edas<\/strong><\/h4>\n<\/div>\n\n\n\n<div class=\"wp-block-column is-vertically-aligned-center is-layout-flow wp-block-column-is-layout-flow\" style=\"flex-basis:66.66%\">\n<p><strong>Obtenemos informaci\u00f3n<\/strong> con una mirada antropol\u00f3gica compartiendo los entornos naturales permitiendo obtener informaci\u00f3n <strong>valiosa y profunda que se integra a los aspectos discursivos<\/strong>.&nbsp;<\/p>\n<\/div>\n<\/div>\n\n\n\n<div class=\"wp-block-columns alignwide is-layout-flex wp-container-core-columns-is-layout-9d6595d7 wp-block-columns-is-layout-flex\">\n<div class=\"wp-block-column is-layout-flow wp-block-column-is-layout-flow\" style=\"flex-basis:33.33%\">\n<h2 class=\"has-background wp-block-heading\" style=\"background-color:#fcfcfc;font-size:25px\"><strong>Shopping &amp; Retail experiences<\/strong><\/h2>\n<\/div>\n\n\n\n<div class=\"wp-block-column is-vertically-aligned-center is-layout-flow wp-block-column-is-layout-flow\" style=\"flex-basis:66.66%\">\n<p><strong>Planificamos experiencias<\/strong> en retail con el consumidor para acompa\u00f1arlo y obtener aprendizajes <strong>que permiten mejorar las ejecuciones de marca<\/strong>.<\/p>\n<\/div>\n<\/div>\n\n\n\n<div class=\"wp-block-columns alignwide is-layout-flex wp-container-core-columns-is-layout-9d6595d7 wp-block-columns-is-layout-flex\">\n<div class=\"wp-block-column is-layout-flow wp-block-column-is-layout-flow\" style=\"flex-basis:33.33%\">\n<h2 class=\"has-background wp-block-heading\" style=\"background-color:#fcfcfc;font-size:30px\"><strong>Estudios cuantitativos<\/strong><\/h2>\n<\/div>\n\n\n\n<div class=\"wp-block-column is-layout-flow wp-block-column-is-layout-flow\" style=\"flex-basis:66.66%\">\n<p>Investigaci\u00f3n de Mercado, <strong>recolectando datos<\/strong> con m\u00e9todos presenciales y online, y <strong>analizamos e integramos la informaci\u00f3n<\/strong> con los interrogantes estrat\u00e9gicos del negocio del cliente.<\/p>\n<\/div>\n<\/div>\n\n\n\n<div class=\"wp-block-columns alignwide is-layout-flex wp-container-core-columns-is-layout-9d6595d7 wp-block-columns-is-layout-flex\">\n<div class=\"wp-block-column is-layout-flow wp-block-column-is-layout-flow\" style=\"flex-basis:33.33%\">\n<h2 class=\"has-background wp-block-heading\" style=\"background-color:#fbfbfb;font-size:30px\"><strong>Semiotic Context<\/strong><\/h2>\n<\/div>\n\n\n\n<div class=\"wp-block-column is-vertically-aligned-center is-layout-flow wp-block-column-is-layout-flow\" style=\"flex-basis:66.66%\">\n<p>Relevamos la comunicaci\u00f3n <strong>a trav\u00e9s del an\u00e1lisis semi\u00f3tico<\/strong> por categor\u00eda y <strong>generamos mappings de oportunidad<\/strong> analizando los contenidos del discurso.<\/p>\n<\/div>\n<\/div>\n\n\n\n<div class=\"wp-block-columns alignwide is-layout-flex wp-container-core-columns-is-layout-9d6595d7 wp-block-columns-is-layout-flex\">\n<div class=\"wp-block-column is-layout-flow wp-block-column-is-layout-flow\" style=\"flex-basis:33.33%\">\n<h2 class=\"has-background wp-block-heading\" style=\"background-color:#fcfcfc;font-size:30px\"><strong>Netnograf\u00eda y Big data<\/strong><\/h2>\n<\/div>\n\n\n\n<div class=\"wp-block-column is-vertically-aligned-center is-layout-flow wp-block-column-is-layout-flow\" style=\"flex-basis:66.66%\">\n<p><strong>Articulamos la informaci\u00f3n<\/strong> acerca de los diferentes targets obtenida <strong>con diversas herramientas digitales<\/strong>.<\/p>\n<\/div>\n<\/div>\n\n\n\n<div class=\"wp-block-cover alignfull is-light has-parallax\" style=\"background-image:url(https:\/\/truvisory.com.mx\/wp-content\/uploads\/2022\/04\/shutterstock_1155079171-3.jpg);min-height:130px;aspect-ratio:unset;\"><span aria-hidden=\"true\" class=\"wp-block-cover__gradient-background has-background-dim\"><\/span><div class=\"wp-block-cover__inner-container is-layout-flow wp-block-cover-is-layout-flow\">\n<p class=\"has-text-align-center has-large-font-size\"><\/p>\n<\/div><\/div>\n\n\n\n<div class=\"wp-block-columns alignwide is-layout-flex wp-container-core-columns-is-layout-9d6595d7 wp-block-columns-is-layout-flex\">\n<div class=\"wp-block-column is-layout-flow wp-block-column-is-layout-flow\" style=\"flex-basis:100%\">\n<div style=\"height:44px\" aria-hidden=\"true\" class=\"wp-block-spacer\"><\/div>\n<\/div>\n<\/div>\n\n\n\n<div class=\"wp-block-columns alignwide is-layout-flex wp-container-core-columns-is-layout-9d6595d7 wp-block-columns-is-layout-flex\">\n<div class=\"wp-block-column is-layout-flow wp-block-column-is-layout-flow\">\n<h2 class=\"wp-block-heading\">CONTACTO<\/h2>\n\n\n\n<p>Dinos tus <strong>necesidades<\/strong> nosotros encontraremos tus <strong>soluciones<\/strong>. <\/p>\n\n\n\n<p>Monterrey&nbsp;<strong>(81) 1098 \u2013 8320<\/strong> Email:&nbsp;<strong><em>tendencias@truvisory.com.mx<\/em><\/strong><\/p>\n<\/div>\n\n\n\n<div class=\"wp-block-column is-layout-flow wp-block-column-is-layout-flow\">\n<div class=\"wp-block-cover is-light\" style=\"min-height:204px;aspect-ratio:unset;\"><span aria-hidden=\"true\" class=\"has-background-dim-100 wp-block-cover__gradient-background has-background-dim\" style=\"background-color:#ececec\"><\/span><div class=\"wp-block-cover__inner-container is-layout-flow wp-block-cover-is-layout-flow\">\n<p class=\"has-text-align-center has-large-font-size\"><\/p>\n<\/div><\/div>\n<\/div>\n<\/div>\n\n\n\n<p><\/p>\n","protected":false},"excerpt":{"rendered":"<p>Focus Groups Realizamos focus groups con consumidores, logrando una exploraci\u00f3n profunda en las l\u00f3gicas y emociones que sostienen el consumo.&nbsp; Entrevistas &amp; Etnograf\u00edas Obtenemos informaci\u00f3n con una mirada antropol\u00f3gica compartiendo los entornos naturales permitiendo obtener informaci\u00f3n valiosa y profunda que se integra a los aspectos discursivos.&nbsp; Shopping &amp; Retail experiences Planificamos experiencias en retail con [&hellip;]<\/p>\n","protected":false},"author":1,"featured_media":0,"parent":0,"menu_order":0,"comment_status":"closed","ping_status":"closed","template":"","meta":{"footnotes":""},"class_list":["post-159","page","type-page","status-publish","hentry"],"_links":{"self":[{"href":"https:\/\/truvisory.com.mx\/index.php\/wp-json\/wp\/v2\/pages\/159","targetHints":{"allow":["GET"]}}],"collection":[{"href":"https:\/\/truvisory.com.mx\/index.php\/wp-json\/wp\/v2\/pages"}],"about":[{"href":"https:\/\/truvisory.com.mx\/index.php\/wp-json\/wp\/v2\/types\/page"}],"author":[{"embeddable":true,"href":"https:\/\/truvisory.com.mx\/index.php\/wp-json\/wp\/v2\/users\/1"}],"replies":[{"embeddable":true,"href":"https:\/\/truvisory.com.mx\/index.php\/wp-json\/wp\/v2\/comments?post=159"}],"version-history":[{"count":5,"href":"https:\/\/truvisory.com.mx\/index.php\/wp-json\/wp\/v2\/pages\/159\/revisions"}],"predecessor-version":[{"id":554,"href":"https:\/\/truvisory.com.mx\/index.php\/wp-json\/wp\/v2\/pages\/159\/revisions\/554"}],"wp:attachment":[{"href":"https:\/\/truvisory.com.mx\/index.php\/wp-json\/wp\/v2\/media?parent=159"}],"curies":[{"name":"wp","href":"https:\/\/api.w.org\/{rel}","templated":true}]}}