{"id":149,"date":"2022-04-27T08:09:56","date_gmt":"2022-04-27T13:09:56","guid":{"rendered":"https:\/\/truvisorycommxwpadmin.wordpress.com\/?page_id=149"},"modified":"2022-04-27T20:57:19","modified_gmt":"2022-04-27T20:57:19","slug":"__trashed-3","status":"publish","type":"page","link":"https:\/\/truvisory.com.mx\/index.php\/__trashed-3\/","title":{"rendered":""},"content":{"rendered":"\n<div class=\"wp-block-cover alignfull is-light has-parallax has-custom-content-position is-position-center-left\" style=\"background-image:url(https:\/\/truvisory.com.mx\/wp-content\/uploads\/2022\/04\/shutterstock_519831238-6-scaled.jpg);min-height:360px;aspect-ratio:unset;\"><span aria-hidden=\"true\" class=\"wp-block-cover__gradient-background has-background-dim\"><\/span><div class=\"wp-block-cover__inner-container is-layout-flow wp-block-cover-is-layout-flow\">\n<p class=\"has-text-align-center has-white-color has-text-color\" style=\"font-size:70px\"><strong>IMPLEMENTACI\u00d3N<\/strong><\/p>\n\n\n\n<p class=\"has-white-color has-text-color has-medium-font-size\"><strong>Estrategia en acci\u00f3n<\/strong><\/p>\n\n\n\n<p class=\"has-white-color has-text-color\">Nuestros Servicios<\/p>\n<\/div><\/div>\n\n\n\n<h3 class=\"alignfull has-background wp-block-heading\" style=\"background-color:#fbfbfb;font-size:35px;font-style:normal;font-weight:500\">Creaci\u00f3n de conceptos &amp; product naming<\/h3>\n\n\n\n<p><strong>Potenciamos nuevos productos<\/strong> con la generaci\u00f3n de upgrades conceptuales, refinando promesas, clamings y namings para una mejor diferenciaci\u00f3n.<\/p>\n\n\n\n<h4 class=\"alignfull has-background wp-block-heading\" style=\"background-color:#fbfbfb;font-size:35px;font-style:normal;font-weight:500\">Generaci\u00f3n de contenidos<\/h4>\n\n\n\n<p>Generamos un <strong>conocimiento del contexto y de la estrategia de comunicaci\u00f3n <\/strong>a partir del relevamiento, articulaci\u00f3n y an\u00e1lisis de las tendencias y valores.<\/p>\n\n\n\n<h4 class=\"alignfull has-background wp-block-heading\" style=\"background-color:#fbfbfb;font-size:35px;font-style:normal;font-weight:500\">Planning<\/h4>\n\n\n\n<p><strong>Colaboramos con la planificaci\u00f3n<\/strong> y&nbsp; soporte para las marcas desde la detecci\u00f3n del white spaces en el mercado hasta la llegada a ejecuciones concretas.<\/p>\n\n\n\n<p><\/p>\n\n\n\n<div class=\"wp-block-cover alignfull is-light has-parallax\" style=\"background-image:url(https:\/\/truvisory.com.mx\/wp-content\/uploads\/2022\/04\/shutterstock_519831238-7.jpg);min-height:147px;aspect-ratio:unset;\"><span aria-hidden=\"true\" class=\"has-background-dim-10 wp-block-cover__gradient-background has-background-dim\"><\/span><div class=\"wp-block-cover__inner-container is-layout-flow wp-block-cover-is-layout-flow\">\n<p class=\"has-text-align-center has-large-font-size\"><\/p>\n<\/div><\/div>\n\n\n\n<div style=\"height:32px\" aria-hidden=\"true\" class=\"wp-block-spacer\"><\/div>\n\n\n\n<div class=\"wp-block-columns is-layout-flex wp-container-core-columns-is-layout-9d6595d7 wp-block-columns-is-layout-flex\">\n<div class=\"wp-block-column is-layout-flow wp-block-column-is-layout-flow\">\n<h2 class=\"wp-block-heading\">CONTACTO<\/h2>\n\n\n\n<p>Dinos tus <strong>necesidades<\/strong> nosotros encontraremos tus <strong>soluciones<\/strong>. <\/p>\n\n\n\n<p>Monterrey&nbsp;<strong>(81) 1098 \u2013 8320<\/strong> Email:&nbsp;<strong><em>tendencias@truvisory.com.mx<\/em><\/strong><\/p>\n<\/div>\n\n\n\n<div class=\"wp-block-column is-layout-flow wp-block-column-is-layout-flow\">\n<div class=\"wp-block-cover is-light is-layout-flow wp-block-cover-is-layout-flow\" style=\"min-height:198px;aspect-ratio:unset;\"><span aria-hidden=\"true\" class=\"has-background-dim-100 wp-block-cover__gradient-background has-background-dim\" style=\"background-color:#f1f1f1\"><\/span><div class=\"wp-block-cover__inner-container\"><\/div><\/div>\n<\/div>\n<\/div>\n\n\n\n<p><\/p>\n","protected":false},"excerpt":{"rendered":"<p>Creaci\u00f3n de conceptos &amp; product naming Potenciamos nuevos productos con la generaci\u00f3n de upgrades conceptuales, refinando promesas, clamings y namings para una mejor diferenciaci\u00f3n. Generaci\u00f3n de contenidos Generamos un conocimiento del contexto y de la estrategia de comunicaci\u00f3n a partir del relevamiento, articulaci\u00f3n y an\u00e1lisis de las tendencias y valores. Planning Colaboramos con la planificaci\u00f3n [&hellip;]<\/p>\n","protected":false},"author":1,"featured_media":0,"parent":0,"menu_order":0,"comment_status":"closed","ping_status":"closed","template":"","meta":{"footnotes":""},"class_list":["post-149","page","type-page","status-publish","hentry"],"_links":{"self":[{"href":"https:\/\/truvisory.com.mx\/index.php\/wp-json\/wp\/v2\/pages\/149","targetHints":{"allow":["GET"]}}],"collection":[{"href":"https:\/\/truvisory.com.mx\/index.php\/wp-json\/wp\/v2\/pages"}],"about":[{"href":"https:\/\/truvisory.com.mx\/index.php\/wp-json\/wp\/v2\/types\/page"}],"author":[{"embeddable":true,"href":"https:\/\/truvisory.com.mx\/index.php\/wp-json\/wp\/v2\/users\/1"}],"replies":[{"embeddable":true,"href":"https:\/\/truvisory.com.mx\/index.php\/wp-json\/wp\/v2\/comments?post=149"}],"version-history":[{"count":9,"href":"https:\/\/truvisory.com.mx\/index.php\/wp-json\/wp\/v2\/pages\/149\/revisions"}],"predecessor-version":[{"id":535,"href":"https:\/\/truvisory.com.mx\/index.php\/wp-json\/wp\/v2\/pages\/149\/revisions\/535"}],"wp:attachment":[{"href":"https:\/\/truvisory.com.mx\/index.php\/wp-json\/wp\/v2\/media?parent=149"}],"curies":[{"name":"wp","href":"https:\/\/api.w.org\/{rel}","templated":true}]}}