{"id":131,"date":"2022-04-27T08:08:33","date_gmt":"2022-04-27T13:08:33","guid":{"rendered":"https:\/\/truvisorycommxwpadmin.wordpress.com\/?page_id=131"},"modified":"2022-04-27T20:56:13","modified_gmt":"2022-04-27T20:56:13","slug":"131-2","status":"publish","type":"page","link":"https:\/\/truvisory.com.mx\/index.php\/131-2\/","title":{"rendered":""},"content":{"rendered":"\n<div class=\"wp-block-group alignfull\"><div class=\"wp-block-group__inner-container is-layout-flow wp-block-group-is-layout-flow\">\n<div class=\"wp-block-cover alignfull is-light has-parallax has-custom-content-position is-position-top-left\" style=\"background-image:url(https:\/\/truvisory.com.mx\/wp-content\/uploads\/2022\/04\/BANNER-9.png);min-height:218px;aspect-ratio:unset;\"><span aria-hidden=\"true\" class=\"wp-block-cover__gradient-background has-background-dim\"><\/span><div class=\"wp-block-cover__inner-container is-layout-flow wp-block-cover-is-layout-flow\">\n<p class=\"has-text-align-center has-white-color has-text-color\" style=\"font-size:70px\"><strong>TENDENCIAS<\/strong><\/p>\n\n\n\n<p class=\"has-white-color has-text-color has-medium-font-size\"><strong>Visi\u00f3n de Oportunidades<\/strong><\/p>\n\n\n\n<p class=\"has-white-color has-text-color\">NUESTROS SERVICIOS<\/p>\n<\/div><\/div>\n<\/div><\/div>\n\n\n\n<div style=\"height:20px\" aria-hidden=\"true\" class=\"wp-block-spacer\"><\/div>\n\n\n\n<h2 class=\"alignwide has-text-align-left wp-block-heading\">Observatorio de Tendencias <\/h2>\n\n\n\n<h5 class=\"alignfull has-background wp-block-heading\" style=\"background-color:#f9f9f9;font-style:normal;font-weight:300\">Identificamos y analizamos tendencias a nivel global, regional y local. Elaboramos informes especiales seg\u00fan categor\u00edas y targets.<\/h5>\n\n\n\n<h2 class=\"alignwide has-text-align-right wp-block-heading\">Recorridos de inspiraci\u00f3n<\/h2>\n\n\n\n<h5 class=\"alignfull has-text-align-left has-background wp-block-heading\" style=\"background-color:#fbfbfb;font-style:normal;font-weight:300\">Logramos experiencias sensibilizadoras a trav\u00e9s de planes de inmersi\u00f3n en diferentes tem\u00e1ticas y targets para inspirar, transformar e innovar.&nbsp;<\/h5>\n\n\n\n<h2 class=\"alignwide has-text-align-left wp-block-heading\">Coolhunting<\/h2>\n\n\n\n<h5 class=\"alignfull has-text-align-left has-background wp-block-heading\" style=\"background-color:#fcfcfc;font-style:normal;font-weight:300\">Somos una de las primeras agencias de la regi\u00f3n en formar&nbsp;<em>coolhunters<\/em>&nbsp; desarrollando habilidades para la detecci\u00f3n de expresiones de las tendencias. Brindamos cursos en \u00e1mbitos acad\u00e9micos y corporativos.&nbsp;<\/h5>\n\n\n\n<h2 class=\"alignwide has-text-align-right wp-block-heading\">Monitor de Trendsetters<\/h2>\n\n\n\n<h5 class=\"alignfull has-text-align-left has-background wp-block-heading\" style=\"background-color:#fbfbfb;font-style:normal;font-weight:300\">Nutrimos una red de \u201cinsiders culturales\u201d que permiten conocer aquello que est\u00e1 por venir antes de que llegue a un alcance masivo. As\u00ed logramos alimentar la inspiraci\u00f3n para las marcas.<\/h5>\n\n\n\n<h2 class=\"alignwide has-text-align-left wp-block-heading\">Product Tracking<\/h2>\n\n\n\n<h5 class=\"alignfull has-text-align-left has-background wp-block-heading\" style=\"background-color:#fcfcfc;font-style:normal;font-weight:300\">Mapeamos propuestas innovadoras y las articulamos con tendencias, facilitando la inspiraci\u00f3n en branding, ingredientes, comunicaci\u00f3n y packaging.<\/h5>\n\n\n\n<h2 class=\"alignwide has-text-align-right wp-block-heading\">Design Thinking \/ human centered process<\/h2>\n\n\n\n<h5 class=\"alignfull has-text-align-left has-background wp-block-heading\" style=\"background-color:#fcfcfc;font-style:normal;font-weight:300\">Utilizamos la herramienta creada por la Universidad de Stanford para la soluci\u00f3n de problemas de las empresas y de las marcas, partiendo de la empat\u00eda y profundizaci\u00f3n de todos los aspectos.<\/h5>\n\n\n\n<h2 class=\"alignwide has-text-align-left wp-block-heading\">Customer journey \/ UX experience<\/h2>\n\n\n\n<h5 class=\"alignfull has-text-align-left has-background wp-block-heading\" style=\"background-color:#fcfcfc;font-style:normal;font-weight:300\">Dise\u00f1amos estrategias para trabajar, mejorar y transformar la experiencia del cliente, desde el conocimiento profundo de sus necesidades, h\u00e1bitos, comportamientos y emociones.<\/h5>\n\n\n\n<div class=\"wp-block-cover alignfull is-light has-parallax\" style=\"background-image:url(https:\/\/truvisory.com.mx\/wp-content\/uploads\/2022\/04\/banner-8.png);min-height:165px;aspect-ratio:unset;\"><span aria-hidden=\"true\" class=\"has-background-dim-20 wp-block-cover__gradient-background has-background-dim\"><\/span><div class=\"wp-block-cover__inner-container is-layout-flow wp-block-cover-is-layout-flow\">\n<p class=\"has-text-align-center has-large-font-size\"><\/p>\n<\/div><\/div>\n\n\n\n<div style=\"height:28px\" aria-hidden=\"true\" class=\"wp-block-spacer\"><\/div>\n\n\n\n<div class=\"wp-block-columns alignwide is-layout-flex wp-container-core-columns-is-layout-9d6595d7 wp-block-columns-is-layout-flex\">\n<div class=\"wp-block-column is-layout-flow wp-block-column-is-layout-flow\">\n<h2 class=\"wp-block-heading\">CONTACTO<\/h2>\n\n\n\n<p>Dinos tus <strong>necesidades<\/strong> nosotros encontraremos tus <strong>soluciones<\/strong>. <\/p>\n\n\n\n<p>Monterrey&nbsp;<strong>(81) 1098 \u2013 8320<\/strong> Email:&nbsp;<strong><em>tendencias@truvisory.com.mx<\/em><\/strong><\/p>\n<\/div>\n\n\n\n<div class=\"wp-block-column is-layout-flow wp-block-column-is-layout-flow\">\n<div class=\"wp-block-cover is-light\" style=\"min-height:201px;aspect-ratio:unset;\"><span aria-hidden=\"true\" class=\"has-background-dim-100 wp-block-cover__gradient-background has-background-dim\" style=\"background-color:#efefef\"><\/span><div class=\"wp-block-cover__inner-container is-layout-flow wp-block-cover-is-layout-flow\">\n<p class=\"has-text-align-center has-large-font-size\"><\/p>\n<\/div><\/div>\n<\/div>\n<\/div>\n\n\n\n<p><\/p>\n","protected":false},"excerpt":{"rendered":"<p>Observatorio de Tendencias Identificamos y analizamos tendencias a nivel global, regional y local. Elaboramos informes especiales seg\u00fan categor\u00edas y targets. Recorridos de inspiraci\u00f3n Logramos experiencias sensibilizadoras a trav\u00e9s de planes de inmersi\u00f3n en diferentes tem\u00e1ticas y targets para inspirar, transformar e innovar.&nbsp; Coolhunting Somos una de las primeras agencias de la regi\u00f3n en formar&nbsp;coolhunters&nbsp; desarrollando [&hellip;]<\/p>\n","protected":false},"author":1,"featured_media":0,"parent":0,"menu_order":0,"comment_status":"closed","ping_status":"closed","template":"","meta":{"footnotes":""},"class_list":["post-131","page","type-page","status-publish","hentry"],"_links":{"self":[{"href":"https:\/\/truvisory.com.mx\/index.php\/wp-json\/wp\/v2\/pages\/131","targetHints":{"allow":["GET"]}}],"collection":[{"href":"https:\/\/truvisory.com.mx\/index.php\/wp-json\/wp\/v2\/pages"}],"about":[{"href":"https:\/\/truvisory.com.mx\/index.php\/wp-json\/wp\/v2\/types\/page"}],"author":[{"embeddable":true,"href":"https:\/\/truvisory.com.mx\/index.php\/wp-json\/wp\/v2\/users\/1"}],"replies":[{"embeddable":true,"href":"https:\/\/truvisory.com.mx\/index.php\/wp-json\/wp\/v2\/comments?post=131"}],"version-history":[{"count":8,"href":"https:\/\/truvisory.com.mx\/index.php\/wp-json\/wp\/v2\/pages\/131\/revisions"}],"predecessor-version":[{"id":534,"href":"https:\/\/truvisory.com.mx\/index.php\/wp-json\/wp\/v2\/pages\/131\/revisions\/534"}],"wp:attachment":[{"href":"https:\/\/truvisory.com.mx\/index.php\/wp-json\/wp\/v2\/media?parent=131"}],"curies":[{"name":"wp","href":"https:\/\/api.w.org\/{rel}","templated":true}]}}